{"id":76,"date":"2022-02-23T20:41:03","date_gmt":"2022-02-23T20:41:03","guid":{"rendered":"https:\/\/vga-basket.com\/\/?page_id=76"},"modified":"2025-09-22T16:09:41","modified_gmt":"2025-09-22T16:09:41","slug":"notre-histoire","status":"publish","type":"page","link":"https:\/\/vga-basket.com\/?page_id=76","title":{"rendered":"Notre histoire"},"content":{"rendered":"\t\t<div data-elementor-type=\"wp-page\" data-elementor-id=\"76\" class=\"elementor elementor-76\">\n\t\t\t\t\t\t<section class=\"has_eae_slider elementor-section elementor-top-section elementor-element elementor-element-961ccb5 elementor-section-full_width elementor-section-height-min-height elementor-section-height-default elementor-section-items-middle\" data-id=\"961ccb5\" data-element_type=\"section\" data-settings=\"{&quot;background_background&quot;:&quot;classic&quot;}\">\n\t\t\t\t\t\t\t<div class=\"elementor-background-overlay\"><\/div>\n\t\t\t\t\t\t\t<div class=\"elementor-container elementor-column-gap-default\">\n\t\t\t\t\t<div class=\"has_eae_slider elementor-column elementor-col-100 elementor-top-column elementor-element elementor-element-88c1ea8\" data-id=\"88c1ea8\" data-element_type=\"column\">\n\t\t\t<div class=\"elementor-widget-wrap elementor-element-populated\">\n\t\t\t\t\t\t<div class=\"elementor-element elementor-element-f52b291 elementor-widget elementor-widget-heading\" data-id=\"f52b291\" data-element_type=\"widget\" data-widget_type=\"heading.default\">\n\t\t\t\t<div class=\"elementor-widget-container\">\n\t\t\t\t\t<h1 class=\"elementor-heading-title elementor-size-default\">notre <span style=\"color:#F6B932\">histoire<\/span><\/h1>\t\t\t\t<\/div>\n\t\t\t\t<\/div>\n\t\t\t\t\t<\/div>\n\t\t<\/div>\n\t\t\t\t\t<\/div>\n\t\t<\/section>\n\t\t\t\t<section class=\"has_eae_slider elementor-section elementor-top-section elementor-element elementor-element-083353a elementor-section-boxed elementor-section-height-default elementor-section-height-default\" data-id=\"083353a\" data-element_type=\"section\">\n\t\t\t\t\t\t<div class=\"elementor-container elementor-column-gap-no\">\n\t\t\t\t\t<div class=\"has_eae_slider elementor-column elementor-col-100 elementor-top-column elementor-element elementor-element-331171a\" data-id=\"331171a\" data-element_type=\"column\">\n\t\t\t<div class=\"elementor-widget-wrap elementor-element-populated\">\n\t\t\t\t\t\t<div class=\"elementor-element elementor-element-f8ef5b7 elementor-widget elementor-widget-spacer\" data-id=\"f8ef5b7\" data-element_type=\"widget\" data-widget_type=\"spacer.default\">\n\t\t\t\t<div class=\"elementor-widget-container\">\n\t\t\t\t\t\t\t<div class=\"elementor-spacer\">\n\t\t\t<div class=\"elementor-spacer-inner\"><\/div>\n\t\t<\/div>\n\t\t\t\t\t\t<\/div>\n\t\t\t\t<\/div>\n\t\t\t\t<section class=\"has_eae_slider elementor-section elementor-inner-section elementor-element elementor-element-dbd5255 elementor-section-content-middle elementor-section-full_width elementor-section-height-default elementor-section-height-default\" data-id=\"dbd5255\" data-element_type=\"section\">\n\t\t\t\t\t\t<div class=\"elementor-container elementor-column-gap-no\">\n\t\t\t\t\t<div class=\"has_eae_slider elementor-column elementor-col-33 elementor-inner-column elementor-element elementor-element-e0b1d43\" data-id=\"e0b1d43\" data-element_type=\"column\">\n\t\t\t<div class=\"elementor-widget-wrap elementor-element-populated\">\n\t\t\t\t\t\t<div class=\"elementor-element elementor-element-634cfe7 elementor-widget elementor-widget-image\" data-id=\"634cfe7\" data-element_type=\"widget\" data-widget_type=\"image.default\">\n\t\t\t\t<div class=\"elementor-widget-container\">\n\t\t\t\t\t\t\t\t\t\t\t\t\t\t\t<img fetchpriority=\"high\" decoding=\"async\" width=\"300\" height=\"226\" src=\"https:\/\/vga-basket.com\/wp-content\/uploads\/2022\/05\/Capture-decran-2020-11-11-a-21.46.47-1-300x226.png\" class=\"attachment-medium size-medium wp-image-1783\" alt=\"\" srcset=\"https:\/\/vga-basket.com\/wp-content\/uploads\/2022\/05\/Capture-decran-2020-11-11-a-21.46.47-1-300x226.png 300w, https:\/\/vga-basket.com\/wp-content\/uploads\/2022\/05\/Capture-decran-2020-11-11-a-21.46.47-1.png 335w\" sizes=\"(max-width: 300px) 100vw, 300px\" \/>\t\t\t\t\t\t\t\t\t\t\t\t\t\t\t<\/div>\n\t\t\t\t<\/div>\n\t\t\t\t\t<\/div>\n\t\t<\/div>\n\t\t\t\t<div class=\"has_eae_slider elementor-column elementor-col-66 elementor-inner-column elementor-element elementor-element-9746971\" data-id=\"9746971\" data-element_type=\"column\">\n\t\t\t<div class=\"elementor-widget-wrap elementor-element-populated\">\n\t\t\t\t\t\t<div class=\"elementor-element elementor-element-43f39d4 elementor-widget elementor-widget-heading\" data-id=\"43f39d4\" data-element_type=\"widget\" data-widget_type=\"heading.default\">\n\t\t\t\t<div class=\"elementor-widget-container\">\n\t\t\t\t\t<h2 class=\"elementor-heading-title elementor-size-default\">vga basket, un CLUB INSCRIT DANS L'HISTOIRE<\/h2>\t\t\t\t<\/div>\n\t\t\t\t<\/div>\n\t\t\t\t<div class=\"elementor-element elementor-element-93dd21e elementor-widget elementor-widget-text-editor\" data-id=\"93dd21e\" data-element_type=\"widget\" data-widget_type=\"text-editor.default\">\n\t\t\t\t<div class=\"elementor-widget-container\">\n\t\t\t\t\t\t\t\t\t<p>A la VGA, le basketball fut longtemps divis\u00e9 en deux sections : la VGA Basket (masculin) et les LINNETS (basket f\u00e9minin). Toutes les deux font parties des sections les plus anciennes de la VGA et sont dot\u00e9es d&rsquo;un pass\u00e9 glorieux.<\/p>\t\t\t\t\t\t\t\t<\/div>\n\t\t\t\t<\/div>\n\t\t\t\t\t<\/div>\n\t\t<\/div>\n\t\t\t\t\t<\/div>\n\t\t<\/section>\n\t\t\t\t\t<\/div>\n\t\t<\/div>\n\t\t\t\t\t<\/div>\n\t\t<\/section>\n\t\t\t\t<section class=\"has_eae_slider elementor-section elementor-top-section elementor-element elementor-element-4384b38 elementor-section-boxed elementor-section-height-default elementor-section-height-default\" data-id=\"4384b38\" data-element_type=\"section\">\n\t\t\t\t\t\t<div class=\"elementor-container elementor-column-gap-no\">\n\t\t\t\t\t<div class=\"has_eae_slider elementor-column elementor-col-100 elementor-top-column elementor-element elementor-element-c008244\" data-id=\"c008244\" data-element_type=\"column\">\n\t\t\t<div class=\"elementor-widget-wrap elementor-element-populated\">\n\t\t\t\t\t\t<div class=\"elementor-element elementor-element-e436e1e elementor-widget elementor-widget-spacer\" data-id=\"e436e1e\" data-element_type=\"widget\" data-widget_type=\"spacer.default\">\n\t\t\t\t<div class=\"elementor-widget-container\">\n\t\t\t\t\t\t\t<div class=\"elementor-spacer\">\n\t\t\t<div class=\"elementor-spacer-inner\"><\/div>\n\t\t<\/div>\n\t\t\t\t\t\t<\/div>\n\t\t\t\t<\/div>\n\t\t\t\t<section class=\"has_eae_slider elementor-section elementor-inner-section elementor-element elementor-element-4039690 elementor-section-content-middle elementor-reverse-mobile elementor-section-boxed elementor-section-height-default elementor-section-height-default\" data-id=\"4039690\" data-element_type=\"section\">\n\t\t\t\t\t\t<div class=\"elementor-container elementor-column-gap-no\">\n\t\t\t\t\t<div class=\"has_eae_slider elementor-column elementor-col-66 elementor-inner-column elementor-element elementor-element-0bbd018\" data-id=\"0bbd018\" data-element_type=\"column\">\n\t\t\t<div class=\"elementor-widget-wrap elementor-element-populated\">\n\t\t\t\t\t\t<div class=\"elementor-element elementor-element-4762e97 elementor-widget elementor-widget-heading\" data-id=\"4762e97\" data-element_type=\"widget\" data-widget_type=\"heading.default\">\n\t\t\t\t<div class=\"elementor-widget-container\">\n\t\t\t\t\t<h2 class=\"elementor-heading-title elementor-size-default\">LES LINNETS<\/h2>\t\t\t\t<\/div>\n\t\t\t\t<\/div>\n\t\t\t\t<div class=\"elementor-element elementor-element-bf41fde elementor-widget elementor-widget-text-editor\" data-id=\"bf41fde\" data-element_type=\"widget\" data-widget_type=\"text-editor.default\">\n\t\t\t\t<div class=\"elementor-widget-container\">\n\t\t\t\t\t\t\t\t\t<p>Elles furent CHAMPIONNES DE FRANCE \u00e0 7 reprises (en 1929, 1930, 1932, 1933, 1934, 1938 et 1944). Trois de nos Linnets (HOUEL, FLOURET et VELU) furent CHAMPIONNES DU MONDE en 1934 !<\/p><p>Georgette COSTE allait, elle aussi, marquer son passage \u00e0 la VGA de 1955 \u00e0 1972 : joueuse internationale, puis entra\u00eeneur de l\u2019\u00e9quipe de France universitaire. En 1961, l\u2019\u00e9quipe juniors d\u00e9crochait le titre de championne de France. L\u2019\u00e9quipe premi\u00e8re acc\u00e9dait au Championnat de France, puis \u00e0 la Nationale 1. La saison 1966 \/ 1967 fut la plus belle de toutes puisque nos Linnets ne s\u2019inclin\u00e8rent qu\u2019en demi-finale du championnat de France contre le CUC (Clermont Universit\u00e9 Club : l\u2019\u00e9quipe qui dominait largement alors le basket fran\u00e7ais).<\/p><p>En 1982, la VGA basket fusionna avec les LINNETS pour donner naissance \u00e0 la section VGA Basket.<\/p><div>\u00a0<\/div>\t\t\t\t\t\t\t\t<\/div>\n\t\t\t\t<\/div>\n\t\t\t\t\t<\/div>\n\t\t<\/div>\n\t\t\t\t<div class=\"has_eae_slider elementor-column elementor-col-33 elementor-inner-column elementor-element elementor-element-52c51ce\" data-id=\"52c51ce\" data-element_type=\"column\">\n\t\t\t<div class=\"elementor-widget-wrap elementor-element-populated\">\n\t\t\t\t\t\t<div class=\"elementor-element elementor-element-19f060d elementor-widget elementor-widget-image\" data-id=\"19f060d\" data-element_type=\"widget\" data-widget_type=\"image.default\">\n\t\t\t\t<div class=\"elementor-widget-container\">\n\t\t\t\t\t\t\t\t\t\t\t\t\t\t\t<img decoding=\"async\" width=\"285\" height=\"190\" src=\"https:\/\/vga-basket.com\/wp-content\/uploads\/2022\/05\/ECUSSON-LINNETS-e1652960541174.jpg\" class=\"attachment-large size-large wp-image-1732\" alt=\"\" \/>\t\t\t\t\t\t\t\t\t\t\t\t\t\t\t<\/div>\n\t\t\t\t<\/div>\n\t\t\t\t\t<\/div>\n\t\t<\/div>\n\t\t\t\t\t<\/div>\n\t\t<\/section>\n\t\t\t\t\t<\/div>\n\t\t<\/div>\n\t\t\t\t\t<\/div>\n\t\t<\/section>\n\t\t\t\t<section class=\"has_eae_slider elementor-section elementor-top-section elementor-element elementor-element-ddeb02f elementor-section-boxed elementor-section-height-default elementor-section-height-default\" data-id=\"ddeb02f\" data-element_type=\"section\">\n\t\t\t\t\t\t<div class=\"elementor-container elementor-column-gap-no\">\n\t\t\t\t\t<div class=\"has_eae_slider elementor-column elementor-col-100 elementor-top-column elementor-element elementor-element-809d387\" data-id=\"809d387\" data-element_type=\"column\">\n\t\t\t<div class=\"elementor-widget-wrap elementor-element-populated\">\n\t\t\t\t\t\t<div class=\"elementor-element elementor-element-244fc24 elementor-widget elementor-widget-spacer\" data-id=\"244fc24\" data-element_type=\"widget\" data-widget_type=\"spacer.default\">\n\t\t\t\t<div class=\"elementor-widget-container\">\n\t\t\t\t\t\t\t<div class=\"elementor-spacer\">\n\t\t\t<div class=\"elementor-spacer-inner\"><\/div>\n\t\t<\/div>\n\t\t\t\t\t\t<\/div>\n\t\t\t\t<\/div>\n\t\t\t\t<section class=\"has_eae_slider elementor-section elementor-inner-section elementor-element elementor-element-5f77751 elementor-section-content-middle elementor-section-boxed elementor-section-height-default elementor-section-height-default\" data-id=\"5f77751\" data-element_type=\"section\">\n\t\t\t\t\t\t<div class=\"elementor-container elementor-column-gap-no\">\n\t\t\t\t\t<div class=\"has_eae_slider elementor-column elementor-col-33 elementor-inner-column elementor-element elementor-element-57a40b1\" data-id=\"57a40b1\" data-element_type=\"column\">\n\t\t\t<div class=\"elementor-widget-wrap elementor-element-populated\">\n\t\t\t\t\t\t<div class=\"elementor-element elementor-element-8833432 elementor-widget elementor-widget-image\" data-id=\"8833432\" data-element_type=\"widget\" data-widget_type=\"image.default\">\n\t\t\t\t<div class=\"elementor-widget-container\">\n\t\t\t\t\t\t\t\t\t\t\t\t\t\t\t<img decoding=\"async\" width=\"1024\" height=\"1020\" src=\"https:\/\/vga-basket.com\/wp-content\/uploads\/2022\/05\/1E28F66C-F895-4459-AA10-806B992C4ED9-1024x1020.jpg\" class=\"attachment-large size-large wp-image-1759\" alt=\"\" srcset=\"https:\/\/vga-basket.com\/wp-content\/uploads\/2022\/05\/1E28F66C-F895-4459-AA10-806B992C4ED9-1024x1020.jpg 1024w, https:\/\/vga-basket.com\/wp-content\/uploads\/2022\/05\/1E28F66C-F895-4459-AA10-806B992C4ED9-300x300.jpg 300w, https:\/\/vga-basket.com\/wp-content\/uploads\/2022\/05\/1E28F66C-F895-4459-AA10-806B992C4ED9-150x150.jpg 150w, https:\/\/vga-basket.com\/wp-content\/uploads\/2022\/05\/1E28F66C-F895-4459-AA10-806B992C4ED9-768x765.jpg 768w, https:\/\/vga-basket.com\/wp-content\/uploads\/2022\/05\/1E28F66C-F895-4459-AA10-806B992C4ED9-1536x1530.jpg 1536w, https:\/\/vga-basket.com\/wp-content\/uploads\/2022\/05\/1E28F66C-F895-4459-AA10-806B992C4ED9.jpg 2048w\" sizes=\"(max-width: 1024px) 100vw, 1024px\" \/>\t\t\t\t\t\t\t\t\t\t\t\t\t\t\t<\/div>\n\t\t\t\t<\/div>\n\t\t\t\t\t<\/div>\n\t\t<\/div>\n\t\t\t\t<div class=\"has_eae_slider elementor-column elementor-col-66 elementor-inner-column elementor-element elementor-element-a164489\" data-id=\"a164489\" data-element_type=\"column\">\n\t\t\t<div class=\"elementor-widget-wrap elementor-element-populated\">\n\t\t\t\t\t\t<div class=\"elementor-element elementor-element-bdd20d3 elementor-widget elementor-widget-heading\" data-id=\"bdd20d3\" data-element_type=\"widget\" data-widget_type=\"heading.default\">\n\t\t\t\t<div class=\"elementor-widget-container\">\n\t\t\t\t\t<h2 class=\"elementor-heading-title elementor-size-default\">vga basket masculin<\/h2>\t\t\t\t<\/div>\n\t\t\t\t<\/div>\n\t\t\t\t<div class=\"elementor-element elementor-element-5364cf0 elementor-widget elementor-widget-text-editor\" data-id=\"5364cf0\" data-element_type=\"widget\" data-widget_type=\"text-editor.default\">\n\t\t\t\t<div class=\"elementor-widget-container\">\n\t\t\t\t\t\t\t\t\t<p>ZC\u2019est \u00e0 partir des ann\u00e9es 1930 que la section dirig\u00e9e alors par Monsieur Lombart, allait se d\u00e9velopper. Les \u00e9quipes juniors et seniors repr\u00e9sentaient dignement notre club.<\/p><p>Puis de 1946 \u00e0 1961, l\u2019entra\u00eeneur Jacques PERSONNE marquait son passage par l\u2019ascension constante de l\u2019\u00e9quipe premi\u00e8re qui nous offrait le plaisir d\u2019\u00e9voluer en championnat de France. Elle fut quart de finaliste en 1948 en Coupe de France.<\/p><p>C\u2019est alors qu\u2019en 1967 est arriv\u00e9 Justy SPECKER qui fut l\u2019entra\u00eeneur de l\u2019\u00e9quipe de France A de 1954 \u00e0 1964. Ce grand monsieur du sport fran\u00e7ais fut \u00e9galement international dans 3 disciplines : basket, hand et water-polo.<\/p><p>Sous les pr\u00e9sidences de Messieurs LHOSPIED, ROSENZWEIG et FERRY qui jou\u00e8rent bien le jeu en sa faveur, Justy SPECKER commen\u00e7a sa t\u00e2che avec s\u00e9rieux et efficacit\u00e9, puisque d\u00e8s la premi\u00e8re ann\u00e9e, les cadets furent champions d\u2019Ile de France et quart de finalistes en coupe de France. L\u2019\u00e9quipe premi\u00e8re montait encore de division et acc\u00e9dait \u00e0 la Nationale 3.<\/p>\t\t\t\t\t\t\t\t<\/div>\n\t\t\t\t<\/div>\n\t\t\t\t\t<\/div>\n\t\t<\/div>\n\t\t\t\t\t<\/div>\n\t\t<\/section>\n\t\t\t\t\t<\/div>\n\t\t<\/div>\n\t\t\t\t\t<\/div>\n\t\t<\/section>\n\t\t\t\t<section class=\"has_eae_slider elementor-section elementor-top-section elementor-element elementor-element-e7cadff elementor-section-boxed elementor-section-height-default elementor-section-height-default\" data-id=\"e7cadff\" data-element_type=\"section\">\n\t\t\t\t\t\t<div class=\"elementor-container elementor-column-gap-default\">\n\t\t\t\t\t<div class=\"has_eae_slider elementor-column elementor-col-100 elementor-top-column elementor-element elementor-element-137017c\" data-id=\"137017c\" data-element_type=\"column\">\n\t\t\t<div class=\"elementor-widget-wrap elementor-element-populated\">\n\t\t\t\t\t\t<div class=\"elementor-element elementor-element-f10d434 elementor-widget elementor-widget-spacer\" data-id=\"f10d434\" data-element_type=\"widget\" data-widget_type=\"spacer.default\">\n\t\t\t\t<div class=\"elementor-widget-container\">\n\t\t\t\t\t\t\t<div class=\"elementor-spacer\">\n\t\t\t<div class=\"elementor-spacer-inner\"><\/div>\n\t\t<\/div>\n\t\t\t\t\t\t<\/div>\n\t\t\t\t<\/div>\n\t\t\t\t\t<\/div>\n\t\t<\/div>\n\t\t\t\t\t<\/div>\n\t\t<\/section>\n\t\t\t\t<\/div>\n\t\t","protected":false},"excerpt":{"rendered":"<p>notre histoire vga basket, un CLUB INSCRIT DANS L&rsquo;HISTOIRE A la VGA, le basketball fut longtemps divis\u00e9 en deux sections : la VGA Basket (masculin) et les LINNETS (basket f\u00e9minin). Toutes les deux font parties des sections les plus anciennes de la VGA et sont dot\u00e9es d&rsquo;un pass\u00e9 glorieux. LES LINNETS Elles furent CHAMPIONNES DE&#8230;<\/p>\n","protected":false},"author":3,"featured_media":0,"parent":0,"menu_order":0,"comment_status":"closed","ping_status":"closed","template":"","meta":{"inline_featured_image":false,"_kad_post_transparent":"","_kad_post_title":"hide","_kad_post_layout":"fullwidth","_kad_post_sidebar_id":"","_kad_post_content_style":"unboxed","_kad_post_vertical_padding":"hide","_kad_post_feature":"hide","_kad_post_feature_position":"","_kad_post_header":false,"_kad_post_footer":false,"footnotes":""},"class_list":["post-76","page","type-page","status-publish","hentry"],"_links":{"self":[{"href":"https:\/\/vga-basket.com\/index.php?rest_route=\/wp\/v2\/pages\/76","targetHints":{"allow":["GET"]}}],"collection":[{"href":"https:\/\/vga-basket.com\/index.php?rest_route=\/wp\/v2\/pages"}],"about":[{"href":"https:\/\/vga-basket.com\/index.php?rest_route=\/wp\/v2\/types\/page"}],"author":[{"embeddable":true,"href":"https:\/\/vga-basket.com\/index.php?rest_route=\/wp\/v2\/users\/3"}],"replies":[{"embeddable":true,"href":"https:\/\/vga-basket.com\/index.php?rest_route=%2Fwp%2Fv2%2Fcomments&post=76"}],"version-history":[{"count":106,"href":"https:\/\/vga-basket.com\/index.php?rest_route=\/wp\/v2\/pages\/76\/revisions"}],"predecessor-version":[{"id":13671,"href":"https:\/\/vga-basket.com\/index.php?rest_route=\/wp\/v2\/pages\/76\/revisions\/13671"}],"wp:attachment":[{"href":"https:\/\/vga-basket.com\/index.php?rest_route=%2Fwp%2Fv2%2Fmedia&parent=76"}],"curies":[{"name":"wp","href":"https:\/\/api.w.org\/{rel}","templated":true}]}}