{"id":1941,"date":"2022-05-19T14:56:11","date_gmt":"2022-05-19T14:56:11","guid":{"rendered":"https:\/\/vga-basket.com\/?page_id=1941"},"modified":"2024-05-03T08:55:33","modified_gmt":"2024-05-03T08:55:33","slug":"article-3","status":"publish","type":"page","link":"https:\/\/vga-basket.com\/?page_id=1941","title":{"rendered":"Article 3"},"content":{"rendered":"\t\t<div data-elementor-type=\"wp-page\" data-elementor-id=\"1941\" class=\"elementor elementor-1941\">\n\t\t\t\t\t\t<section class=\"has_eae_slider elementor-section elementor-top-section elementor-element elementor-element-7d04657 elementor-section-boxed elementor-section-height-default elementor-section-height-default\" data-id=\"7d04657\" data-element_type=\"section\">\n\t\t\t\t\t\t<div class=\"elementor-container elementor-column-gap-default\">\n\t\t\t\t\t<div class=\"has_eae_slider elementor-column elementor-col-100 elementor-top-column elementor-element elementor-element-4b9488b\" data-id=\"4b9488b\" data-element_type=\"column\">\n\t\t\t<div class=\"elementor-widget-wrap elementor-element-populated\">\n\t\t\t\t\t\t<div class=\"elementor-element elementor-element-547171e elementor-widget elementor-widget-text-editor\" data-id=\"547171e\" data-element_type=\"widget\" data-widget_type=\"text-editor.default\">\n\t\t\t\t<div class=\"elementor-widget-container\">\n\t\t\t\t\t\t\t\t\t<div data-id=\"b435060\" data-element_type=\"widget\" data-widget_type=\"heading.default\">\n<div>\n<h2>F\u00e9licitations \u00e0 Nolan TRAORE<\/h2>\n<h2><span style=\"font-weight: normal;\">Form\u00e9 pendant 3 ans \u00e0 la VGA Saint-Maur en U9, U10 et U11, Nolan joue maintenant en PRO A avec Saint-Quetin depuis 5 matchs, alors qu\u2019il n\u2019a pas encore atteint 18 ans.<br>Sacr\u00e9 meilleur jeune joueur de la saison 2023\/2024 en NM1.<br>Il est aussi international avec l&rsquo;\u00e9quipe de France U 18.&nbsp;<\/span><\/h2>\n<h2><span style=\"font-weight: normal;\">Lors de son 5\u00e8me match en Pro A, il a inscrit 18 points et 8 passes d\u00e9cisives en 21 minutes !&nbsp;<\/span><\/h2>\n<h2><span style=\"font-weight: normal;\">Bravo \u00e0 lui et bonne chance pour la suite.<br><\/span><\/h2>\n<\/div>\n<\/div>\t\t\t\t\t\t\t\t<\/div>\n\t\t\t\t<\/div>\n\t\t\t\t\t<\/div>\n\t\t<\/div>\n\t\t\t\t\t<\/div>\n\t\t<\/section>\n\t\t\t\t<\/div>\n\t\t","protected":false},"excerpt":{"rendered":"<p>F\u00e9licitations \u00e0 Nolan TRAORE Form\u00e9 pendant 3 ans \u00e0 la VGA Saint-Maur en U9, U10 et U11, Nolan joue maintenant en PRO A avec Saint-Quetin depuis 5 matchs, alors qu\u2019il n\u2019a pas encore atteint 18 ans.Sacr\u00e9 meilleur jeune joueur de la saison 2023\/2024 en NM1.Il est aussi international avec l&rsquo;\u00e9quipe de France U 18.&nbsp; Lors&#8230;<\/p>\n","protected":false},"author":3,"featured_media":0,"parent":0,"menu_order":0,"comment_status":"closed","ping_status":"closed","template":"","meta":{"inline_featured_image":false,"_kad_post_transparent":"","_kad_post_title":"hide","_kad_post_layout":"fullwidth","_kad_post_sidebar_id":"","_kad_post_content_style":"unboxed","_kad_post_vertical_padding":"hide","_kad_post_feature":"hide","_kad_post_feature_position":"","_kad_post_header":false,"_kad_post_footer":false,"footnotes":""},"class_list":["post-1941","page","type-page","status-publish","hentry"],"_links":{"self":[{"href":"https:\/\/vga-basket.com\/index.php?rest_route=\/wp\/v2\/pages\/1941","targetHints":{"allow":["GET"]}}],"collection":[{"href":"https:\/\/vga-basket.com\/index.php?rest_route=\/wp\/v2\/pages"}],"about":[{"href":"https:\/\/vga-basket.com\/index.php?rest_route=\/wp\/v2\/types\/page"}],"author":[{"embeddable":true,"href":"https:\/\/vga-basket.com\/index.php?rest_route=\/wp\/v2\/users\/3"}],"replies":[{"embeddable":true,"href":"https:\/\/vga-basket.com\/index.php?rest_route=%2Fwp%2Fv2%2Fcomments&post=1941"}],"version-history":[{"count":28,"href":"https:\/\/vga-basket.com\/index.php?rest_route=\/wp\/v2\/pages\/1941\/revisions"}],"predecessor-version":[{"id":8674,"href":"https:\/\/vga-basket.com\/index.php?rest_route=\/wp\/v2\/pages\/1941\/revisions\/8674"}],"wp:attachment":[{"href":"https:\/\/vga-basket.com\/index.php?rest_route=%2Fwp%2Fv2%2Fmedia&parent=1941"}],"curies":[{"name":"wp","href":"https:\/\/api.w.org\/{rel}","templated":true}]}}