{"id":1939,"date":"2022-05-19T14:55:28","date_gmt":"2022-05-19T14:55:28","guid":{"rendered":"https:\/\/vga-basket.com\/?page_id=1939"},"modified":"2022-09-14T16:18:32","modified_gmt":"2022-09-14T16:18:32","slug":"article-2","status":"publish","type":"page","link":"https:\/\/vga-basket.com\/?page_id=1939","title":{"rendered":"Article 2"},"content":{"rendered":"\t\t<div data-elementor-type=\"wp-page\" data-elementor-id=\"1939\" class=\"elementor elementor-1939\">\n\t\t\t\t\t\t<section class=\"has_eae_slider elementor-section elementor-top-section elementor-element elementor-element-a29cab7 elementor-section-full_width elementor-section-height-min-height elementor-section-height-default elementor-section-items-middle\" data-id=\"a29cab7\" data-element_type=\"section\" data-settings=\"{&quot;background_background&quot;:&quot;classic&quot;}\">\n\t\t\t\t\t\t\t<div class=\"elementor-background-overlay\"><\/div>\n\t\t\t\t\t\t\t<div class=\"elementor-container elementor-column-gap-default\">\n\t\t\t\t\t<div class=\"has_eae_slider elementor-column elementor-col-100 elementor-top-column elementor-element elementor-element-160436d\" data-id=\"160436d\" data-element_type=\"column\">\n\t\t\t<div class=\"elementor-widget-wrap elementor-element-populated\">\n\t\t\t\t\t\t<div class=\"elementor-element elementor-element-8473786 elementor-widget elementor-widget-heading\" data-id=\"8473786\" data-element_type=\"widget\" data-widget_type=\"heading.default\">\n\t\t\t\t<div class=\"elementor-widget-container\">\n\t\t\t\t\t<h1 class=\"elementor-heading-title elementor-size-default\">vga <font color=\"#f6b932\">fam'<\/font><\/h1>\t\t\t\t<\/div>\n\t\t\t\t<\/div>\n\t\t\t\t\t<\/div>\n\t\t<\/div>\n\t\t\t\t\t<\/div>\n\t\t<\/section>\n\t\t\t\t<section class=\"has_eae_slider elementor-section elementor-top-section elementor-element elementor-element-785945a elementor-section-boxed elementor-section-height-default elementor-section-height-default\" data-id=\"785945a\" data-element_type=\"section\">\n\t\t\t\t\t\t<div class=\"elementor-container elementor-column-gap-default\">\n\t\t\t\t\t<div class=\"has_eae_slider elementor-column elementor-col-100 elementor-top-column elementor-element elementor-element-6b316ac\" data-id=\"6b316ac\" data-element_type=\"column\">\n\t\t\t<div class=\"elementor-widget-wrap elementor-element-populated\">\n\t\t\t\t\t\t<div class=\"elementor-element elementor-element-f4437bc elementor-widget elementor-widget-text-editor\" data-id=\"f4437bc\" data-element_type=\"widget\" data-widget_type=\"text-editor.default\">\n\t\t\t\t<div class=\"elementor-widget-container\">\n\t\t\t\t\t\t\t\t\t<h1><span style=\"white-space: pre-wrap;\">VGA FAM&rsquo; : le groupe de supporters officiel <\/span><\/h1><p><span style=\"white-space: pre-wrap;\">Vous avez \u00e9t\u00e9 nombreux cette saison \u00e0 venir encourager nos \u00e9quipes s\u00e9niors tout comme nos \u00e9quipes jeunes \u00e0 la salle Pat\u00e9 ! <\/span><span style=\"color: var( --e-global-color-9b3dc7c ); font-family: var( --e-global-typography-text-font-family ), Sans-serif; font-size: var( --e-global-typography-text-font-size ); font-weight: var( --e-global-typography-text-font-weight ); background-color: transparent;\">C&rsquo;est pourquoi nous avons d\u00e9cid\u00e9, pour cette nouvelle saison, de cr\u00e9er <strong>un groupe de supporters officiel<\/strong>. Abonnement, avantages, chants, kiff&#8230; on vous explique tout !\u00a0<\/span><\/p>\t\t\t\t\t\t\t\t<\/div>\n\t\t\t\t<\/div>\n\t\t\t\t<div class=\"elementor-element elementor-element-7bb2d5e elementor-widget elementor-widget-spacer\" data-id=\"7bb2d5e\" data-element_type=\"widget\" data-widget_type=\"spacer.default\">\n\t\t\t\t<div class=\"elementor-widget-container\">\n\t\t\t\t\t\t\t<div class=\"elementor-spacer\">\n\t\t\t<div class=\"elementor-spacer-inner\"><\/div>\n\t\t<\/div>\n\t\t\t\t\t\t<\/div>\n\t\t\t\t<\/div>\n\t\t\t\t<div class=\"elementor-element elementor-element-98525f6 elementor-widget elementor-widget-image\" data-id=\"98525f6\" data-element_type=\"widget\" data-widget_type=\"image.default\">\n\t\t\t\t<div class=\"elementor-widget-container\">\n\t\t\t\t\t\t\t\t\t\t\t\t\t\t\t<img decoding=\"async\" src=\"https:\/\/vga-basket.com\/wp-content\/uploads\/2022\/09\/BANNER-ARTICLE-1.png\" title=\"\" alt=\"\" loading=\"lazy\" \/>\t\t\t\t\t\t\t\t\t\t\t\t\t\t\t<\/div>\n\t\t\t\t<\/div>\n\t\t\t\t<div class=\"elementor-element elementor-element-43de4e7 elementor-widget elementor-widget-spacer\" data-id=\"43de4e7\" data-element_type=\"widget\" data-widget_type=\"spacer.default\">\n\t\t\t\t<div class=\"elementor-widget-container\">\n\t\t\t\t\t\t\t<div class=\"elementor-spacer\">\n\t\t\t<div class=\"elementor-spacer-inner\"><\/div>\n\t\t<\/div>\n\t\t\t\t\t\t<\/div>\n\t\t\t\t<\/div>\n\t\t\t\t<div class=\"elementor-element elementor-element-668b086 elementor-widget elementor-widget-text-editor\" data-id=\"668b086\" data-element_type=\"widget\" data-widget_type=\"text-editor.default\">\n\t\t\t\t<div class=\"elementor-widget-container\">\n\t\t\t\t\t\t\t\t\t<h2>Pourquoi s&rsquo;abonner \u00e0 la VGA FAM&rsquo; ?<\/h2>\t\t\t\t\t\t\t\t<\/div>\n\t\t\t\t<\/div>\n\t\t\t\t<div class=\"elementor-element elementor-element-9726f1e elementor-widget elementor-widget-text-editor\" data-id=\"9726f1e\" data-element_type=\"widget\" data-widget_type=\"text-editor.default\">\n\t\t\t\t<div class=\"elementor-widget-container\">\n\t\t\t\t\t\t\t\t\t<ul>\n<li>Pour b\u00e9n\u00e9ficier de -10% sur les articles de la boutique<\/li>\n<li>&nbsp;Pour participer aux d\u00e9placements des \u00e9quipes 1<\/li>\n<li>Pour assister aux discours des coachs dans les vestiaires<\/li>\n<li>Pour mettre le feu \u00e0 la salle Pat\u00e9 avec tes potes<\/li>\n<li>Pour pleins d&rsquo;autres surprises&#8230;<\/li>\n<\/ul>\n<div>En gros, si tu veux t&rsquo;\u00e9clater, chanter, \u00eatre avec tes potes ou juste t&rsquo;ambiancer \u00e0 Pat\u00e9 alors la VGA FAM&rsquo; est faite pour toi !<\/div>\t\t\t\t\t\t\t\t<\/div>\n\t\t\t\t<\/div>\n\t\t\t\t<div class=\"elementor-element elementor-element-43fa47b elementor-widget elementor-widget-heading\" data-id=\"43fa47b\" data-element_type=\"widget\" data-widget_type=\"heading.default\">\n\t\t\t\t<div class=\"elementor-widget-container\">\n\t\t\t\t\t<h2 class=\"elementor-heading-title elementor-size-default\">Comment  s'abonner ?<\/h2>\t\t\t\t<\/div>\n\t\t\t\t<\/div>\n\t\t\t\t<div class=\"elementor-element elementor-element-c2ab92b elementor-widget elementor-widget-text-editor\" data-id=\"c2ab92b\" data-element_type=\"widget\" data-widget_type=\"text-editor.default\">\n\t\t\t\t<div class=\"elementor-widget-container\">\n\t\t\t\t\t\t\t\t\t<p>Nous organisons des permanences tous les mercredis de septembre de 16h \u00e0 20h et les samedis de 10h \u00e0 12h \u00e0 la salle Pat\u00e9.\u00a0<\/p><p>L&rsquo;abonnement pour la saison co\u00fbte 7\u20ac\/pers. Ce qui nous permettra d&rsquo;\u00e9quiper les supporters :\u00a0<\/p><ul><li>\u00a0Tambours de qualit\u00e9<\/li><li>Klaxons<\/li><li>Drapeaux<\/li><li>Banderoles (nous organiserons des ateliers les samedis matins pour \u00e9crire des messages sur les banderoles de match)<\/li><li>Carte d&rsquo;abonn\u00e9(e)<\/li><\/ul>\t\t\t\t\t\t\t\t<\/div>\n\t\t\t\t<\/div>\n\t\t\t\t<div class=\"elementor-element elementor-element-15fd410 elementor-widget elementor-widget-image\" data-id=\"15fd410\" data-element_type=\"widget\" data-widget_type=\"image.default\">\n\t\t\t\t<div class=\"elementor-widget-container\">\n\t\t\t\t\t\t\t\t\t\t\t\t\t\t\t<img fetchpriority=\"high\" decoding=\"async\" width=\"1024\" height=\"382\" src=\"https:\/\/vga-basket.com\/wp-content\/uploads\/2022\/09\/BANNER-ARTICLE-2-1024x382.png\" class=\"attachment-large size-large wp-image-2859\" alt=\"\" srcset=\"https:\/\/vga-basket.com\/wp-content\/uploads\/2022\/09\/BANNER-ARTICLE-2-1024x382.png 1024w, https:\/\/vga-basket.com\/wp-content\/uploads\/2022\/09\/BANNER-ARTICLE-2-300x112.png 300w, https:\/\/vga-basket.com\/wp-content\/uploads\/2022\/09\/BANNER-ARTICLE-2-768x287.png 768w, https:\/\/vga-basket.com\/wp-content\/uploads\/2022\/09\/BANNER-ARTICLE-2.png 1444w\" sizes=\"(max-width: 1024px) 100vw, 1024px\" \/>\t\t\t\t\t\t\t\t\t\t\t\t\t\t\t<\/div>\n\t\t\t\t<\/div>\n\t\t\t\t\t<\/div>\n\t\t<\/div>\n\t\t\t\t\t<\/div>\n\t\t<\/section>\n\t\t\t\t<\/div>\n\t\t","protected":false},"excerpt":{"rendered":"<p>vga fam&rsquo; VGA FAM&rsquo; : le groupe de supporters officiel Vous avez \u00e9t\u00e9 nombreux cette saison \u00e0 venir encourager nos \u00e9quipes s\u00e9niors tout comme nos \u00e9quipes jeunes \u00e0 la salle Pat\u00e9 ! C&rsquo;est pourquoi nous avons d\u00e9cid\u00e9, pour cette nouvelle saison, de cr\u00e9er un groupe de supporters officiel. Abonnement, avantages, chants, kiff&#8230; on vous explique&#8230;<\/p>\n","protected":false},"author":3,"featured_media":0,"parent":0,"menu_order":0,"comment_status":"closed","ping_status":"closed","template":"","meta":{"inline_featured_image":false,"_kad_post_transparent":"","_kad_post_title":"hide","_kad_post_layout":"fullwidth","_kad_post_sidebar_id":"","_kad_post_content_style":"unboxed","_kad_post_vertical_padding":"hide","_kad_post_feature":"hide","_kad_post_feature_position":"","_kad_post_header":false,"_kad_post_footer":false,"footnotes":""},"class_list":["post-1939","page","type-page","status-publish","hentry"],"_links":{"self":[{"href":"https:\/\/vga-basket.com\/index.php?rest_route=\/wp\/v2\/pages\/1939","targetHints":{"allow":["GET"]}}],"collection":[{"href":"https:\/\/vga-basket.com\/index.php?rest_route=\/wp\/v2\/pages"}],"about":[{"href":"https:\/\/vga-basket.com\/index.php?rest_route=\/wp\/v2\/types\/page"}],"author":[{"embeddable":true,"href":"https:\/\/vga-basket.com\/index.php?rest_route=\/wp\/v2\/users\/3"}],"replies":[{"embeddable":true,"href":"https:\/\/vga-basket.com\/index.php?rest_route=%2Fwp%2Fv2%2Fcomments&post=1939"}],"version-history":[{"count":16,"href":"https:\/\/vga-basket.com\/index.php?rest_route=\/wp\/v2\/pages\/1939\/revisions"}],"predecessor-version":[{"id":2873,"href":"https:\/\/vga-basket.com\/index.php?rest_route=\/wp\/v2\/pages\/1939\/revisions\/2873"}],"wp:attachment":[{"href":"https:\/\/vga-basket.com\/index.php?rest_route=%2Fwp%2Fv2%2Fmedia&parent=1939"}],"curies":[{"name":"wp","href":"https:\/\/api.w.org\/{rel}","templated":true}]}}